{"id":10,"date":"2019-10-11T12:39:20","date_gmt":"2019-10-11T10:39:20","guid":{"rendered":"http:\/\/sodon.pl\/?page_id=10"},"modified":"2025-08-07T08:16:44","modified_gmt":"2025-08-07T06:16:44","slug":"dzial-przerywania-ciagow-alkoholowych-dpca","status":"publish","type":"page","link":"https:\/\/sodon.pl\/","title":{"rendered":"DZIA\u0141 PRZERYWANIA CI\u0104G\u00d3W ALKOHOLOWYCH DPCA"},"content":{"rendered":"<div class=\"wp-block-image is-resized\">\n<figure class=\"alignleft\"><img loading=\"lazy\" decoding=\"async\" width=\"5989\" height=\"2598\" src=\"http:\/\/sodon.pl\/wp-content\/uploads\/2019\/10\/kolska.jpg\" alt=\"Na zdj\u0119ciu: znak drogowy wskazuj\u0105cy skrzy\u017cowanie ulic Okopowej i Kolskiej, przy kt\u00f3rym mie\u015bci si\u0119 o\u015brodek.\" class=\"wp-image-37\"\/><\/figure><\/div>\n\n\n<div class=\"wp-block-file alignright\"><a id=\"wp-block-file--media-18c0aaa9-24da-4a0e-b12a-e6abdd44067c\" href=\"http:\/\/sodon.pl\/wp-content\/uploads\/2021\/04\/Stoleczne-centrum-dla-osob-nietrzezwych.pdf\"><br>Sto\u0142eczne centrum dla osob nietrze\u017awych<\/a><a href=\"http:\/\/sodon.pl\/wp-content\/uploads\/2021\/04\/Stoleczne-centrum-dla-osob-nietrzezwych.pdf\" class=\"wp-block-file__button wp-element-button\" download aria-describedby=\"wp-block-file--media-18c0aaa9-24da-4a0e-b12a-e6abdd44067c\">Pobierz<\/a><\/div>\n\n\n\n<p><\/p>\n\n\n\n<p><\/p>\n\n\n\n<p> <br><\/p>\n\n\n\n<p>To ma\u0142y kameralny, wysoce wyspecjalizowany i bardzo do\u015bwiadczony stacjonarny dzia\u0142, w kt\u00f3rym bezpiecznie i dyskretnie przerywamy ci\u0105gi alkoholowe &#8211; jednocze\u015bnie wspieraj\u0105c naszych Klient\u00f3w w spos\u00f3b terapeutyczny i farmakologiczny. Opiek\u0105 Terapeutyczn\u0105 obejmujemy r\u00f3wnie\u017c rodziny os\u00f3b przerywaj\u0105cych ci\u0105g alkoholowych i inne bliskie im osoby. Kameralne, jedno i dwu osobowe pokoje Dzia\u0142u DPCA znajduj\u0105 si\u0119 w osobnej, bocznej cz\u0119\u015bci budynku, wyposa\u017conej w oddzielne sanitariaty, pomieszczenia zabiegowe i drzwi wej\u015bciowe.<\/p>\n\n\n<div class=\"wp-block-image is-style-rounded\">\n<figure class=\"alignright size-large\"><img loading=\"lazy\" decoding=\"async\" width=\"1024\" height=\"768\" src=\"http:\/\/sodon.pl\/wp-content\/uploads\/2021\/07\/IMG_20210630_075720-1024x768.jpg\" alt=\"\" class=\"wp-image-236\" srcset=\"https:\/\/sodon.pl\/wp-content\/uploads\/2021\/07\/IMG_20210630_075720-1024x768.jpg 1024w, https:\/\/sodon.pl\/wp-content\/uploads\/2021\/07\/IMG_20210630_075720-300x225.jpg 300w, https:\/\/sodon.pl\/wp-content\/uploads\/2021\/07\/IMG_20210630_075720-768x576.jpg 768w, https:\/\/sodon.pl\/wp-content\/uploads\/2021\/07\/IMG_20210630_075720-1536x1152.jpg 1536w, https:\/\/sodon.pl\/wp-content\/uploads\/2021\/07\/IMG_20210630_075720-2048x1536.jpg 2048w, https:\/\/sodon.pl\/wp-content\/uploads\/2021\/07\/IMG_20210630_075720-1568x1176.jpg 1568w\" sizes=\"auto, (max-width: 1024px) 100vw, 1024px\" \/><\/figure><\/div>\n\n\n<p>Atutem naszego dzia\u0142u jest r\u00f3wnie\u017c to, \u017ce dopuszczamy                                                                                  mo\u017cliwo\u015b\u0107 przyj\u0119cia Klient\u00f3w b\u0119d\u0105cych                                                                                                                  pod wp\u0142ywem niewielkiej dawki alkoholu.<\/p>\n\n\n\n<p>Ka\u017cde przyj\u0119cie do dzia\u0142u jest poprzedzone badaniem alkomatem oraz&nbsp;badaniem i wywiadem lekarskim &#8211; osoba zg\u0142aszaj\u0105ca si\u0119 nie potrzebuje skierowania. O przyj\u0119ciu decyduje lekarz O\u015brodka na podstawie stanu psychofizycznego osoby badanej.<br><\/p>\n\n\n\n<p>Zapewniamy ciep\u0142\u0105 i serdeczn\u0105 atmosfer\u0119, ca\u0142odobow\u0105 opiek\u0119 medyczn\u0105, diagnostyk\u0119 laboratoryjn\u0105.<\/p>\n\n\n\n<p>Zalecamy pobyt co najmniej przez trzy doby, lecz wychodz\u0105c                                                                             na przeciw naszym Klientom, mo\u017cliwy jest r\u00f3wnie\u017c                                                                                      pobyt na jedn\u0105 dob\u0119 z mo\u017cliwo\u015bci\u0105 jego dalszego przed\u0142u\u017cenia.<\/p>\n\n\n<div class=\"wp-block-image is-style-rounded\">\n<figure class=\"alignright size-large\"><img loading=\"lazy\" decoding=\"async\" width=\"1024\" height=\"768\" src=\"http:\/\/sodon.pl\/wp-content\/uploads\/2021\/07\/IMG_20210630_104800-1024x768.jpg\" alt=\"\" class=\"wp-image-238\" srcset=\"https:\/\/sodon.pl\/wp-content\/uploads\/2021\/07\/IMG_20210630_104800-1024x768.jpg 1024w, https:\/\/sodon.pl\/wp-content\/uploads\/2021\/07\/IMG_20210630_104800-300x225.jpg 300w, https:\/\/sodon.pl\/wp-content\/uploads\/2021\/07\/IMG_20210630_104800-768x576.jpg 768w, https:\/\/sodon.pl\/wp-content\/uploads\/2021\/07\/IMG_20210630_104800-1536x1152.jpg 1536w, https:\/\/sodon.pl\/wp-content\/uploads\/2021\/07\/IMG_20210630_104800-2048x1536.jpg 2048w, https:\/\/sodon.pl\/wp-content\/uploads\/2021\/07\/IMG_20210630_104800-1568x1176.jpg 1568w\" sizes=\"auto, (max-width: 1024px) 100vw, 1024px\" \/><\/figure><\/div>\n\n\n<p class=\"has-text-align-left\">Nasz personel posiada du\u017ce do\u015bwiadczenie w zakresie pomocy                                                                                   osobom uzale\u017cnionym oraz ich bliskim. Nadz\u00f3r nad naszymi                                                                      podopiecznymi w trybie ca\u0142odobowym sprawuj\u0105:<\/p>\n\n\n\n<p><em>&#8211; Lekarz Dy\u017curny;<\/em><\/p>\n\n\n\n<p><em>&#8211; Piel\u0119gniarka;<\/em><\/p>\n\n\n\n<p><em>&#8211; Ratownik Medyczny,<\/em><\/p>\n\n\n\n<p><em>&#8211; Terapeuta ds. uzale\u017cnie\u0144.<\/em><\/p>\n\n\n\n<p>Ukierunkowani na niesienie pomocy proponujemy Pa\u0144stwu najkorzystniejsz\u0105 ofert\u0119 cenow\u0105 w mie\u015bcie.                                                                                                                                              Nasz dzia\u0142 nie wsp\u00f3\u0142pracuje z Narodowym Funduszem Zdrowia.<\/p>\n\n\n<div class=\"wp-block-image is-style-rounded\">\n<figure class=\"alignright size-large\"><img loading=\"lazy\" decoding=\"async\" width=\"1024\" height=\"768\" src=\"http:\/\/sodon.pl\/wp-content\/uploads\/2021\/07\/IMG_20210630_075924-1024x768.jpg\" alt=\"\" class=\"wp-image-237\" srcset=\"https:\/\/sodon.pl\/wp-content\/uploads\/2021\/07\/IMG_20210630_075924-1024x768.jpg 1024w, https:\/\/sodon.pl\/wp-content\/uploads\/2021\/07\/IMG_20210630_075924-300x225.jpg 300w, https:\/\/sodon.pl\/wp-content\/uploads\/2021\/07\/IMG_20210630_075924-768x576.jpg 768w, https:\/\/sodon.pl\/wp-content\/uploads\/2021\/07\/IMG_20210630_075924-1536x1152.jpg 1536w, https:\/\/sodon.pl\/wp-content\/uploads\/2021\/07\/IMG_20210630_075924-2048x1536.jpg 2048w, https:\/\/sodon.pl\/wp-content\/uploads\/2021\/07\/IMG_20210630_075924-1568x1176.jpg 1568w\" sizes=\"auto, (max-width: 1024px) 100vw, 1024px\" \/><\/figure><\/div>\n\n\n<p>Udaj\u0105c si\u0119 do nas warto zabra\u0107: dokument to\u017csamo\u015bci, pi\u017cam\u0119, r\u0119cznik, obuwie pod prysznic, przybory toaletowe, posiadan\u0105 dokumentacje medyczn\u0105, leki przyjmowane w nast\u0119pstwie chor\u00f3b przewlek\u0142ych.<br><\/p>\n\n\n\n<p>Na miejscu istnieje mo\u017cliwo\u015b\u0107 p\u0142acenia got\u00f3wk\u0105, kartami&nbsp;p\u0142atniczymi\/kredytowymi oraz zbli\u017ceniowo za pomoc\u0105&nbsp; urz\u0105dze\u0144 mobilnych. &nbsp;<\/p>\n\n\n<div class=\"wp-block-image\">\n<figure class=\"alignright is-resized\"><img loading=\"lazy\" decoding=\"async\" width=\"1024\" height=\"484\" src=\"http:\/\/sodon.pl\/wp-content\/uploads\/2019\/10\/130085ca-52cb-4539-8463-aa462b2beb52-1-1024x484.png\" alt=\"Grafika pokazuje logo SODON.\" class=\"wp-image-25\" style=\"width:499px;height:236px\" srcset=\"https:\/\/sodon.pl\/wp-content\/uploads\/2019\/10\/130085ca-52cb-4539-8463-aa462b2beb52-1-1024x484.png 1024w, https:\/\/sodon.pl\/wp-content\/uploads\/2019\/10\/130085ca-52cb-4539-8463-aa462b2beb52-1-300x142.png 300w, https:\/\/sodon.pl\/wp-content\/uploads\/2019\/10\/130085ca-52cb-4539-8463-aa462b2beb52-1-768x363.png 768w, https:\/\/sodon.pl\/wp-content\/uploads\/2019\/10\/130085ca-52cb-4539-8463-aa462b2beb52-1.png 1169w\" sizes=\"auto, (max-width: 1024px) 100vw, 1024px\" \/><\/figure><\/div>\n\n\n<p><\/p>\n\n\n\n<p>Pokoje w kt\u00f3rych przerywamy ci\u0105gi alkoholowe wyposa\u017cone s\u0105 w telewizory i znajduj\u0105 si\u0119 w strefie bezp\u0142atnej sieci internetowej Wi-Fi.&nbsp;&nbsp;Nasi Klienci w porozumieniu z Terapeutami uzale\u017cnie\u0144 mog\u0105 korzysta\u0107 r\u00f3wnie\u017c z obszernej biblioteki DPCA.<br><\/p>\n\n\n\n<p>Zach\u0119camy do telefonicznego potwierdzania wolnych miejsc. Przez telefon ch\u0119tnie udzielimy odpowiedzi na wszystkie dodatkowe pytania.<\/p>\n\n\n\n<div class=\"wp-block-file alignleft\"><a id=\"wp-block-file--media-7ecd95ac-10f1-49df-9fc8-26e4ad804753\" href=\"http:\/\/sodon.pl\/wp-content\/uploads\/2021\/07\/plakat-Szkolenia.pdf\">plakat Szkolenia<\/a><a href=\"http:\/\/sodon.pl\/wp-content\/uploads\/2021\/07\/plakat-Szkolenia.pdf\" class=\"wp-block-file__button wp-element-button\" download aria-describedby=\"wp-block-file--media-7ecd95ac-10f1-49df-9fc8-26e4ad804753\">Pobierz<\/a><\/div>\n\n\n\n<div class=\"wp-block-file alignleft\"><a id=\"wp-block-file--media-47d846fc-d932-44a0-b1ad-a3ddcabba200\" href=\"http:\/\/sodon.pl\/wp-content\/uploads\/2021\/07\/plakat-zajecia.pdf\">plakat zaj\u0119cia<\/a><a href=\"http:\/\/sodon.pl\/wp-content\/uploads\/2021\/07\/plakat-zajecia.pdf\" class=\"wp-block-file__button wp-element-button\" download aria-describedby=\"wp-block-file--media-47d846fc-d932-44a0-b1ad-a3ddcabba200\">Pobierz<\/a><\/div>\n\n\n\n<div class=\"wp-block-file alignleft\"><a id=\"wp-block-file--media-41ec9e22-abac-4a38-b1e3-a7af64ed0cb8\" href=\"http:\/\/sodon.pl\/wp-content\/uploads\/2021\/07\/plakat-detoks.pdf\">plakat detoks<\/a><a href=\"http:\/\/sodon.pl\/wp-content\/uploads\/2021\/07\/plakat-detoks.pdf\" class=\"wp-block-file__button wp-element-button\" download aria-describedby=\"wp-block-file--media-41ec9e22-abac-4a38-b1e3-a7af64ed0cb8\">Pobierz<\/a><\/div>\n\n\n\n<p><\/p>\n\n\n\n<p><\/p>\n\n\n\n<p><\/p>\n\n\n\n<p><\/p>\n\n\n\n<h2 class=\"wp-block-heading\">Mapa:<\/h2>\n\n\n\n<div class=\"mapouter\"><div class=\"gmap_canvas\"><iframe loading=\"lazy\" width=\"1600\" height=\"413\" id=\"gmap_canvas\" src=\"https:\/\/maps.google.com\/maps?q=Kolska%202%2F4&amp;t=&amp;z=13&amp;ie=UTF8&amp;iwloc=&amp;output=embed\" frameborder=\"0\" scrolling=\"no\" marginheight=\"0\" marginwidth=\"0\"><\/iframe><a href=\"https:\/\/www.embedgooglemap.net\/blog\/elementor-pro-discount-code-review\/\">elementor discount code<\/a><\/div><style>.mapouter{position:relative;text-align:right;height:413px;width:1080px;}.gmap_canvas {overflow:hidden;background:none!important;height:413px;width:1080px;}<\/style><\/div>\n\n\n\n<p class=\"has-text-align-center\"> Szczeg\u00f3\u0142owe informacje dotycz\u0105ce Sto\u0142ecznego O\u015brodka dla Os\u00f3b Nietrze\u017awych oraz Klauzula Informacyjna o Przetwarzaniu Danych Osobowych znajduj\u0105 si\u0119 w:<\/p>\n\n\n\n<p class=\"has-text-align-center\"><a href=\"https:\/\/sodon.bip.warszawa.pl\/\">Biuletynie Informacji Publicznej SODON<\/a><\/p>\n\n\n\n<p class=\"has-text-align-center\"><img loading=\"lazy\" decoding=\"async\" width=\"55\" height=\"55\" class=\"wp-image-69\" src=\"http:\/\/sodon.pl\/wp-content\/uploads\/2020\/01\/fb_icon_325x325.png\" alt=\"\" style=\"width: 55px;\" srcset=\"https:\/\/sodon.pl\/wp-content\/uploads\/2020\/01\/fb_icon_325x325.png 325w, https:\/\/sodon.pl\/wp-content\/uploads\/2020\/01\/fb_icon_325x325-150x150.png 150w, https:\/\/sodon.pl\/wp-content\/uploads\/2020\/01\/fb_icon_325x325-300x300.png 300w\" sizes=\"auto, (max-width: 55px) 100vw, 55px\" \/><a href=\"https:\/\/www.facebook.com\/pages\/category\/Medical-Service\/SODON-OD-NOWA-112786866922304\/\">Facebook Sto\u0142ecznego O\u015brodka dla Os\u00f3b Nietrze\u017awych<\/a><\/p>\n","protected":false},"excerpt":{"rendered":"<p>To ma\u0142y kameralny, wysoce wyspecjalizowany i bardzo do\u015bwiadczony stacjonarny dzia\u0142, w kt\u00f3rym bezpiecznie i dyskretnie przerywamy ci\u0105gi alkoholowe &#8211; jednocze\u015bnie wspieraj\u0105c naszych Klient\u00f3w w spos\u00f3b terapeutyczny i farmakologiczny. Opiek\u0105 Terapeutyczn\u0105 obejmujemy r\u00f3wnie\u017c rodziny os\u00f3b przerywaj\u0105cych ci\u0105g alkoholowych i inne bliskie im osoby. Kameralne, jedno i dwu osobowe pokoje Dzia\u0142u DPCA znajduj\u0105 si\u0119 w osobnej, bocznej &hellip; <\/p>\n<p class=\"link-more\"><a href=\"https:\/\/sodon.pl\/\" class=\"more-link\">Czytaj dalej<span class=\"screen-reader-text\"> \u201eDZIA\u0141 PRZERYWANIA CI\u0104G\u00d3W ALKOHOLOWYCH DPCA\u201d<\/span><\/a><\/p>\n","protected":false},"author":1,"featured_media":0,"parent":0,"menu_order":0,"comment_status":"closed","ping_status":"closed","template":"","meta":{"footnotes":""},"class_list":["post-10","page","type-page","status-publish","hentry","entry"],"_links":{"self":[{"href":"https:\/\/sodon.pl\/index.php\/wp-json\/wp\/v2\/pages\/10","targetHints":{"allow":["GET"]}}],"collection":[{"href":"https:\/\/sodon.pl\/index.php\/wp-json\/wp\/v2\/pages"}],"about":[{"href":"https:\/\/sodon.pl\/index.php\/wp-json\/wp\/v2\/types\/page"}],"author":[{"embeddable":true,"href":"https:\/\/sodon.pl\/index.php\/wp-json\/wp\/v2\/users\/1"}],"replies":[{"embeddable":true,"href":"https:\/\/sodon.pl\/index.php\/wp-json\/wp\/v2\/comments?post=10"}],"version-history":[{"count":71,"href":"https:\/\/sodon.pl\/index.php\/wp-json\/wp\/v2\/pages\/10\/revisions"}],"predecessor-version":[{"id":1050,"href":"https:\/\/sodon.pl\/index.php\/wp-json\/wp\/v2\/pages\/10\/revisions\/1050"}],"wp:attachment":[{"href":"https:\/\/sodon.pl\/index.php\/wp-json\/wp\/v2\/media?parent=10"}],"curies":[{"name":"wp","href":"https:\/\/api.w.org\/{rel}","templated":true}]}}